{"id":25,"date":"2022-05-30T14:28:00","date_gmt":"2022-05-30T14:28:00","guid":{"rendered":"https:\/\/www.newwen.com\/nl\/?page_id=25"},"modified":"2025-11-28T12:50:25","modified_gmt":"2025-11-28T12:50:25","slug":"e-commerce","status":"publish","type":"page","link":"https:\/\/www.newwen.com\/nl\/e-commerce\/","title":{"rendered":"E-commerce"},"content":{"rendered":"<div class=\"wpb-content-wrapper\"><p>[vc_row full_width=&#8221;stretch_row_content_no_spaces&#8221;][vc_column]\n<div class=\"hero hero-black inverted overlay-dark has-fill\" style=\"--overlay-strength: 60%; \">\n      <video class=\"background-video\" autoplay loop muted playsinline>\n                    <source src=\"https:\/\/www.newwen.com\/nl\/wp-content\/uploads\/sites\/3\/2022\/07\/7A.-Ecommerce-Markets-Banner-Final.mp4\" type=\"video\/mp4\">\n          <\/video>\n    \n  <div class=\"container\">\n    <div class=\"row\">\n      <div class=\"col-12 col-xl-8\">\n        <div class=\"hero-content-wrapper \">\n          <div class=\"hero-content corner-stars\">\n                                      <h1><strong>E-commerce en stadslogistiek<\/strong><br \/><br \/>\nGeavanceerde oplossingen op maat<\/h1>\n                \n                \n                          <div class=\"buttons\">\n                                  <a href=\"#lees-meer\" class=\"btn btn-link text-warning\">Lees meer<\/a>\n                              <\/div>\n                \n                      <\/div>\n        <\/div>\n      <\/div>\n    <\/div>\n  <\/div>\n<\/div>[\/vc_column][\/vc_row][vc_row full_width=&#8221;stretch_row&#8221; row_border=&#8221;border-block-end-gray&#8221; el_id=&#8221;lees-meer&#8221;][vc_column width=&#8221;1\/3&#8243;]<div class=\"link-block\">\n  <div class=\"content\">\n    <h2><strong>Een betrouwbare partner<\/strong><br \/><br \/>\ndie altijd levert<\/h2>\n      <\/div>\n  <\/div>[\/vc_column][vc_column width=&#8221;2\/3&#8243;][vc_column_text]<\/p>\n<p class=\"lead\">Newwen is voorloper als het gaat om gestroomlijnde en sustainable logistiek. Van AGV-stellingsystemen tot geautomatiseerde orderpick trolleys, wij cre\u00ebren de oplossingen die klanten nodig hebben. Voor veel online retailers zijn we d\u00e9 partner als het gaat om logistieke oplossingen voor hun thuisbezorgdiensten over heel de wereld.<\/p>\n<p>[\/vc_column_text][vc_column_text]Onze specialisten werken elke dag samen met e-commerce- en stadslogistiekbedrijven en helpen om de systemen, logistiek en magazijnen te moderniseren. Daarbij streven we naar maximale effici\u00ebntie.<\/p>\n<p>Welke behoefte u ook heeft, wij hebben de expertise en de capaciteit in huis om hier snel en tegen zeer concurrerende kosten op in te spelen. Zoekt u een nieuwe effici\u00ebnte magazijnoplossing voor AGV-stellingsystemen om orders te verzamelen? Wilt u de overstap maken naar geautomatiseerde orderverzamelwagens? Heeft u nieuwe ladingdragers nodig of bent u op zoek naar duurzame multi-use oplossingen? We pakken uw vraag snel en effectief op.<\/p>\n<p>Ons betrouwbare partnernetwerk staat ook klaar om onze klanten te servicen. Van IoT en Track &amp; Trace tot speciale mobiele scan-apps om RTI&#8217;s te tellen, registreren en identificeren. Welke service u ook nodig heeft, ons gespecialiseerde en toegewijde team zorgt ervoor dat het gebeurt.[\/vc_column_text][\/vc_column][\/vc_row][vc_row full_width=&#8221;stretch_row_content_no_spaces&#8221;][vc_column]<div class=\"wpb-content-wrapper\"><p>[vc_row full_width=&#8221;stretch_row_content_no_spaces&#8221; equal_height=&#8221;yes&#8221;][vc_column]<div class=\"contact-block\">\n  <div class=\"container\">\n    <div class=\"row\">\n      <div class=\"wpb_column col-12 col-lg-5\">\n        <div class=\"text-container\">\n          <div class=\"corner-stars\">\n            <div class=\"text\">\n              <h2><strong>De expertise<\/strong> binnen handbereik<\/h2>\n              Wat uw uitdaging ook is, ons team helpt u aan de meest effectieve, sustainable en kosteneffici\u00ebnte oplossing.\n              <div class=\"contact-me  \">\n  <div class=\"content\">\n              <a href=\"tel:+31297368003\" class=\"phone-link \">0297 36 80 03<\/a>\n              <a href=\"mailto:info@newwen.com\" class=\"mail-link \">info@newwen.com<\/a>\n      <\/div>\n<\/div>\n\n\n\n\n            <\/div>\n          <\/div>\n        <\/div>\n      <\/div>\n      <div class=\"d-none d-lg-block col-lg-1\"><\/div>\n      <div class=\"col-12 col-lg-6 \">\n        \n    <picture class=\"responsive-picture  inline-alignment-end block-margin-none stretch-to-edge sparks sparks-block-end \">\n                        \n                      <source srcset=\"https:\/\/www.newwen.com\/nl\/wp-content\/uploads\/sites\/3\/2022\/07\/099-brainstorm-scaled.jpg 2560w, https:\/\/www.newwen.com\/nl\/wp-content\/uploads\/sites\/3\/2022\/07\/099-brainstorm-300x200.jpg 300w, https:\/\/www.newwen.com\/nl\/wp-content\/uploads\/sites\/3\/2022\/07\/099-brainstorm-1024x683.jpg 1024w, https:\/\/www.newwen.com\/nl\/wp-content\/uploads\/sites\/3\/2022\/07\/099-brainstorm-1536x1024.jpg 1536w, https:\/\/www.newwen.com\/nl\/wp-content\/uploads\/sites\/3\/2022\/07\/099-brainstorm-2048x1365.jpg 2048w, https:\/\/www.newwen.com\/nl\/wp-content\/uploads\/sites\/3\/2022\/07\/099-brainstorm-250x167.jpg 250w, https:\/\/www.newwen.com\/nl\/wp-content\/uploads\/sites\/3\/2022\/07\/099-brainstorm-554x369.jpg 554w, https:\/\/www.newwen.com\/nl\/wp-content\/uploads\/sites\/3\/2022\/07\/099-brainstorm-736x490.jpg 736w, https:\/\/www.newwen.com\/nl\/wp-content\/uploads\/sites\/3\/2022\/07\/099-brainstorm-1308x872.jpg 1308w, https:\/\/www.newwen.com\/nl\/wp-content\/uploads\/sites\/3\/2022\/07\/099-brainstorm-1080x720.jpg 1080w\" media=\"(min-width: 576px)\">\n                        \n      <img srcset=\"https:\/\/www.newwen.com\/nl\/wp-content\/uploads\/sites\/3\/2022\/07\/099-brainstorm-scaled.jpg 2560w, https:\/\/www.newwen.com\/nl\/wp-content\/uploads\/sites\/3\/2022\/07\/099-brainstorm-300x200.jpg 300w, https:\/\/www.newwen.com\/nl\/wp-content\/uploads\/sites\/3\/2022\/07\/099-brainstorm-1024x683.jpg 1024w, https:\/\/www.newwen.com\/nl\/wp-content\/uploads\/sites\/3\/2022\/07\/099-brainstorm-1536x1024.jpg 1536w, https:\/\/www.newwen.com\/nl\/wp-content\/uploads\/sites\/3\/2022\/07\/099-brainstorm-2048x1365.jpg 2048w, https:\/\/www.newwen.com\/nl\/wp-content\/uploads\/sites\/3\/2022\/07\/099-brainstorm-250x167.jpg 250w, https:\/\/www.newwen.com\/nl\/wp-content\/uploads\/sites\/3\/2022\/07\/099-brainstorm-554x369.jpg 554w, https:\/\/www.newwen.com\/nl\/wp-content\/uploads\/sites\/3\/2022\/07\/099-brainstorm-736x490.jpg 736w, https:\/\/www.newwen.com\/nl\/wp-content\/uploads\/sites\/3\/2022\/07\/099-brainstorm-1308x872.jpg 1308w, https:\/\/www.newwen.com\/nl\/wp-content\/uploads\/sites\/3\/2022\/07\/099-brainstorm-1080x720.jpg 1080w\" alt=\"\"\n        loading=\"auto\" class=\"\">\n\n      \n          <\/picture>\n      <\/div>\n    <\/div>\n  <\/div>\n<\/div>\n\n\n\n[\/vc_column][\/vc_row]<\/p>\n<\/div>[\/vc_column][\/vc_row][vc_row full_width=&#8221;stretch_row&#8221; background_color=&#8221;dark inverted&#8221;][vc_column]      <div class=\"\">\n        <figure class=\"quote\">\n          <blockquote>\n            <p class=\"display-5\"><strong>\u201c<\/strong><strong>We willen duurzame Supply Chains bouwen en de transitie naar een 100% duurzame samenleving versnellen.<\/strong><strong>\u201d<\/strong><\/p>\n          <\/blockquote>\n          <figcaption>\n            <h5>\n              <strong>Bob IJpelaar<\/strong>\n                          <\/h5>\n          <\/figcaption>\n        <\/figure>\n      <\/div>\n[\/vc_column][\/vc_row][vc_row full_width=&#8221;stretch_row&#8221;][vc_column width=&#8221;1\/3&#8243;]<div class=\"link-block\">\n  <div class=\"content\">\n    <h2><strong>Onze aanpak voor<\/strong><br \/><br \/>\ne-commerce en stadslogistiek<\/h2>\n      <\/div>\n  <\/div>[\/vc_column][vc_column width=&#8221;2\/3&#8243;][vc_column_text]<\/p>\n<p class=\"lead\">Alles dat u nodig heeft onder \u00e9\u00e9n dak. Daardoor kunt u er zeker van zijn dat Newwen snel een effici\u00ebnte oplossing cre\u00ebert. Voor welke uitdaging u ook staat.<\/p>\n<p>[\/vc_column_text][vc_row_inner][vc_column_inner width=&#8221;1\/2&#8243;][vc_column_text]<\/p>\n<h3><strong>One-stop-shop<\/strong><\/h3>\n<p>Van AGV-stellingsystemen voor orderpicking tot duurzame multi-use kartonoplossingen. Ons team regelt, ontwikkelt, produceert en levert.<\/p>\n<h3><strong>Alles in huis<\/strong><\/h3>\n<p>Op maat gemaakte producten zijn ontworpen en gemaakt van staal, aluminium en gerecyclede kunststoffen. We ontwikkelen alles in huis. Zo kunnen we optimale effici\u00ebntie en de beste kwaliteit garanderen.[\/vc_column_text][\/vc_column_inner][vc_column_inner width=&#8221;1\/2&#8243;][vc_column_text]<\/p>\n<h3><strong>Netwerk van partners<\/strong><\/h3>\n<p>IoT, Track &amp; Trace en zelfs speciale mobiele scan-apps om de RTI&#8217;s te tellen, registreren en identificeren. Ons vertrouwde netwerk heeft de oplossingen die u zoekt.<\/p>\n<h3><strong>Stadslogistiek<\/strong><\/h3>\n<p>Voor stadslogistiek ontwikkelen we effici\u00ebnte oplossingen voor kleine bezorgwagens. In het magazijn worden RTI\u2019s gevuld en in de bezorgwagens gereden, klaar voor levering aan klanten thuis.[\/vc_column_text][\/vc_column_inner][\/vc_row_inner][\/vc_column][\/vc_row][vc_row full_width=&#8221;stretch_row&#8221; background_color=&#8221;dark inverted&#8221;][vc_column width=&#8221;1\/3&#8243;][vc_column_text]<\/p>\n<h2><strong>Heeft u een vraag?<\/strong><br \/>\nStuur een bericht.<\/h2>\n<p>[\/vc_column_text][\/vc_column][vc_column width=&#8221;2\/3&#8243;]<script type=\"text\/javascript\">\n\/* <![CDATA[ *\/\nvar gform;gform||(document.addEventListener(\"gform_main_scripts_loaded\",function(){gform.scriptsLoaded=!0}),document.addEventListener(\"gform\/theme\/scripts_loaded\",function(){gform.themeScriptsLoaded=!0}),window.addEventListener(\"DOMContentLoaded\",function(){gform.domLoaded=!0}),gform={domLoaded:!1,scriptsLoaded:!1,themeScriptsLoaded:!1,isFormEditor:()=>\"function\"==typeof InitializeEditor,callIfLoaded:function(o){return!(!gform.domLoaded||!gform.scriptsLoaded||!gform.themeScriptsLoaded&&!gform.isFormEditor()||(gform.isFormEditor()&&console.warn(\"The use of gform.initializeOnLoaded() is deprecated in the form editor context and will be removed in Gravity Forms 3.1.\"),o(),0))},initializeOnLoaded:function(o){gform.callIfLoaded(o)||(document.addEventListener(\"gform_main_scripts_loaded\",()=>{gform.scriptsLoaded=!0,gform.callIfLoaded(o)}),document.addEventListener(\"gform\/theme\/scripts_loaded\",()=>{gform.themeScriptsLoaded=!0,gform.callIfLoaded(o)}),window.addEventListener(\"DOMContentLoaded\",()=>{gform.domLoaded=!0,gform.callIfLoaded(o)}))},hooks:{action:{},filter:{}},addAction:function(o,r,e,t){gform.addHook(\"action\",o,r,e,t)},addFilter:function(o,r,e,t){gform.addHook(\"filter\",o,r,e,t)},doAction:function(o){gform.doHook(\"action\",o,arguments)},applyFilters:function(o){return gform.doHook(\"filter\",o,arguments)},removeAction:function(o,r){gform.removeHook(\"action\",o,r)},removeFilter:function(o,r,e){gform.removeHook(\"filter\",o,r,e)},addHook:function(o,r,e,t,n){null==gform.hooks[o][r]&&(gform.hooks[o][r]=[]);var d=gform.hooks[o][r];null==n&&(n=r+\"_\"+d.length),gform.hooks[o][r].push({tag:n,callable:e,priority:t=null==t?10:t})},doHook:function(r,o,e){var t;if(e=Array.prototype.slice.call(e,1),null!=gform.hooks[r][o]&&((o=gform.hooks[r][o]).sort(function(o,r){return o.priority-r.priority}),o.forEach(function(o){\"function\"!=typeof(t=o.callable)&&(t=window[t]),\"action\"==r?t.apply(null,e):e[0]=t.apply(null,e)})),\"filter\"==r)return e[0]},removeHook:function(o,r,t,n){var e;null!=gform.hooks[o][r]&&(e=(e=gform.hooks[o][r]).filter(function(o,r,e){return!!(null!=n&&n!=o.tag||null!=t&&t!=o.priority)}),gform.hooks[o][r]=e)}});\n\/* ]]> *\/\n<\/script>\n\n                <div class='gf_browser_gecko gform_wrapper gravity-theme gform-theme--no-framework' data-form-theme='gravity-theme' data-form-index='0' id='gform_wrapper_3' ><div id='gf_3' class='gform_anchor' tabindex='-1'><\/div>\n                        <div class='gform_heading'>\n\t\t\t\t\t\t\t<p class='gform_required_legend'><\/p>\n                        <\/div><form method='post' enctype='multipart\/form-data' target='gform_ajax_frame_3' id='gform_3'  action='\/nl\/wp-json\/wp\/v2\/pages\/25#gf_3' data-formid='3' novalidate>\n<!-- Primo auto-honeypot activated -->\n                        <div class='gform-body gform_body'><div id='gform_fields_3' class='gform_fields top_label form_sublabel_below description_below validation_below'><div id=\"field_3_8\" class=\"gfield gfield--type-honeypot gform_validation_container field_sublabel_below gfield--has-description field_description_below field_validation_below gfield_visibility_visible\"  ><label class='gfield_label gform-field-label' for='input_3_8'>X\/Twitter<\/label><div class='ginput_container'><input name='input_8' id='input_3_8' type='text' value='' autocomplete='new-password'\/><\/div><div class='gfield_description' id='gfield_description_3_8'>Dit veld is bedoeld voor validatiedoeleinden en moet niet worden gewijzigd.<\/div><\/div><div id=\"field_3_1\" class=\"gfield gfield--type-text gfield--width-half gfield_contains_required field_sublabel_below gfield--no-description field_description_below field_validation_below gfield_visibility_visible\"  ><label class='gfield_label gform-field-label' for='input_3_1'>Voornaam<span class=\"gfield_required\"><span class=\"gfield_required gfield_required_asterisk\">*<\/span><\/span><\/label><div class='ginput_container ginput_container_text'><input name='input_1' id='input_3_1' type='text' value='' class='large'     aria-required=\"true\" aria-invalid=\"false\"   \/><\/div><\/div><div id=\"field_3_3\" class=\"gfield gfield--type-text gfield--width-half gfield_contains_required field_sublabel_below gfield--no-description field_description_below field_validation_below gfield_visibility_visible\"  ><label class='gfield_label gform-field-label' for='input_3_3'>Achternaam<span class=\"gfield_required\"><span class=\"gfield_required gfield_required_asterisk\">*<\/span><\/span><\/label><div class='ginput_container ginput_container_text'><input name='input_3' id='input_3_3' type='text' value='' class='large'     aria-required=\"true\" aria-invalid=\"false\"   \/><\/div><\/div><div id=\"field_3_4\" class=\"gfield gfield--type-email gfield--width-half gfield_contains_required field_sublabel_below gfield--no-description field_description_below field_validation_below gfield_visibility_visible\"  ><label class='gfield_label gform-field-label' for='input_3_4'>E-mailadres<span class=\"gfield_required\"><span class=\"gfield_required gfield_required_asterisk\">*<\/span><\/span><\/label><div class='ginput_container ginput_container_email'>\n                            <input name='input_4' id='input_3_4' type='email' value='' class='large'    aria-required=\"true\" aria-invalid=\"false\"  \/>\n                        <\/div><\/div><div id=\"field_3_5\" class=\"gfield gfield--type-text gfield--width-half field_sublabel_below gfield--no-description field_description_below field_validation_below gfield_visibility_visible\"  ><label class='gfield_label gform-field-label' for='input_3_5'>Telefoonnummer (optioneel)<\/label><div class='ginput_container ginput_container_text'><input name='input_5' id='input_3_5' type='text' value='' class='large'      aria-invalid=\"false\"   \/><\/div><\/div><div id=\"field_3_6\" class=\"gfield gfield--type-textarea gfield--width-full field_sublabel_below gfield--no-description field_description_below field_validation_below gfield_visibility_visible\"  ><label class='gfield_label gform-field-label' for='input_3_6'>Bericht<\/label><div class='ginput_container ginput_container_textarea'><textarea name='input_6' id='input_3_6' class='textarea large'      aria-invalid=\"false\"   rows='10' cols='50'><\/textarea><\/div><\/div><fieldset id=\"field_3_7\" class=\"gfield gfield--type-consent gfield--type-choice gfield--input-type-consent gfield--width-full gfield_contains_required field_sublabel_below gfield--no-description field_description_below field_validation_below gfield_visibility_visible\"  ><legend class='gfield_label gform-field-label gfield_label_before_complex' >Toestemming<span class=\"gfield_required\"><span class=\"gfield_required gfield_required_asterisk\">*<\/span><\/span><\/legend><div class='ginput_container ginput_container_consent'><input name='input_7.1' id='input_3_7_1' type='checkbox' value='1'   aria-required=\"true\" aria-invalid=\"false\"   \/> <label class=\"gform-field-label gform-field-label--type-inline gfield_consent_label\" for='input_3_7_1' >Ik ga akkoord met de privacyverklaring<\/label><input type='hidden' name='input_7.2' value='Ik ga akkoord met de privacyverklaring' class='gform_hidden' \/><input type='hidden' name='input_7.3' value='3' class='gform_hidden' \/><\/div><\/fieldset><\/div><\/div>\n        <div class='gform-footer gform_footer top_label'> <button type='submit' id='gform_submit_button_3' class='gform_button button btn btn-link text-warning' onclick='gform.submission.handleButtonClick(this);' data-submission-type='submit' value='Versturen'  >Versturen<\/button> <input type='hidden' name='gform_ajax' value='form_id=3&amp;title=&amp;description=&amp;tabindex=0&amp;theme=gravity-theme&amp;styles=[]&amp;hash=38d946be1b29cd4a9a12486169d42a35' \/>\n            <input type='hidden' class='gform_hidden' name='gform_submission_method' data-js='gform_submission_method_3' value='iframe' \/>\n            <input type='hidden' class='gform_hidden' name='gform_theme' data-js='gform_theme_3' id='gform_theme_3' value='gravity-theme' \/>\n            <input type='hidden' class='gform_hidden' name='gform_style_settings' data-js='gform_style_settings_3' id='gform_style_settings_3' value='[]' \/>\n            <input type='hidden' class='gform_hidden' name='is_submit_3' value='1' \/>\n            <input type='hidden' class='gform_hidden' name='gform_submit' value='3' \/>\n            \n            <input type='hidden' class='gform_hidden' name='gform_currency' data-currency='EUR' value='4a4Z9kyOMkeAKaWuKivw8hZqVJa5lv8ncNS20CeEB\/FddsS3POh6wL37I1sEmSmfp39b\/y6D0FgnEeGdBSLZXSVC+ldv+rrs7LYXd9eYOZJOqZg=' \/>\n            <input type='hidden' class='gform_hidden' name='gform_unique_id' value='' \/>\n            <input type='hidden' class='gform_hidden' name='state_3' value='WyJ7XCI3LjFcIjpcIjBmNTM2NjY0ODBlZDUzYjhlYTQyZDZkODljMTRiMzBhXCIsXCI3LjJcIjpcIjhhZDcxODAzYTY0MTc3ZDhmMTRmZWE2ZGIxMDBhODBlXCIsXCI3LjNcIjpcIjI2Y2M2MjQwNzAxY2IzOTc1N2ZhNTkzOWRhZWM4Yzg5XCJ9IiwiOTIyZmRhNGIzYjY4OTg2ZDg2YmFlOWFlNGNhMTFmMWQiXQ==' \/>\n            <input type='hidden' autocomplete='off' class='gform_hidden' name='gform_target_page_number_3' id='gform_target_page_number_3' value='0' \/>\n            <input type='hidden' autocomplete='off' class='gform_hidden' name='gform_source_page_number_3' id='gform_source_page_number_3' value='1' \/>\n            <input type='hidden' name='gform_field_values' value='' \/>\n            \n        <\/div>\n                        <\/form>\n                        <\/div>\n\t\t                <iframe style='display:none;width:0px;height:0px;' src='about:blank' name='gform_ajax_frame_3' id='gform_ajax_frame_3' title='Dit iframe bevat de vereiste logica om Ajax aangedreven Gravity Forms te verwerken.'><\/iframe>\n\t\t                <script type=\"text\/javascript\">\n\/* <![CDATA[ *\/\n gform.initializeOnLoaded( function() {gformInitSpinner( 3, 'https:\/\/www.newwen.com\/nl\/wp-content\/plugins\/gravityforms\/images\/spinner.svg', true );jQuery('#gform_ajax_frame_3').on('load',function(){var contents = jQuery(this).contents().find('*').html();var is_postback = contents.indexOf('GF_AJAX_POSTBACK') >= 0;if(!is_postback){return;}var form_content = jQuery(this).contents().find('#gform_wrapper_3');var is_confirmation = jQuery(this).contents().find('#gform_confirmation_wrapper_3').length > 0;var is_redirect = contents.indexOf('gformRedirect(){') >= 0;var is_form = form_content.length > 0 && ! is_redirect && ! is_confirmation;var mt = parseInt(jQuery('html').css('margin-top'), 10) + parseInt(jQuery('body').css('margin-top'), 10) + 100;if(is_form){jQuery('#gform_wrapper_3').html(form_content.html());if(form_content.hasClass('gform_validation_error')){jQuery('#gform_wrapper_3').addClass('gform_validation_error');} else {jQuery('#gform_wrapper_3').removeClass('gform_validation_error');}setTimeout( function() { \/* delay the scroll by 50 milliseconds to fix a bug in chrome *\/ jQuery(document).scrollTop(jQuery('#gform_wrapper_3').offset().top - mt); }, 50 );if(window['gformInitDatepicker']) {gformInitDatepicker();}if(window['gformInitPriceFields']) {gformInitPriceFields();}var current_page = jQuery('#gform_source_page_number_3').val();gformInitSpinner( 3, 'https:\/\/www.newwen.com\/nl\/wp-content\/plugins\/gravityforms\/images\/spinner.svg', true );jQuery(document).trigger('gform_page_loaded', [3, current_page]);window['gf_submitting_3'] = false;}else if(!is_redirect){var confirmation_content = jQuery(this).contents().find('.GF_AJAX_POSTBACK').html();if(!confirmation_content){confirmation_content = contents;}jQuery('#gform_wrapper_3').replaceWith(confirmation_content);jQuery(document).scrollTop(jQuery('#gf_3').offset().top - mt);jQuery(document).trigger('gform_confirmation_loaded', [3]);window['gf_submitting_3'] = false;wp.a11y.speak(jQuery('#gform_confirmation_message_3').text());}else{jQuery('#gform_3').append(contents);if(window['gformRedirect']) {gformRedirect();}}jQuery(document).trigger(\"gform_pre_post_render\", [{ formId: \"3\", currentPage: \"current_page\", abort: function() { this.preventDefault(); } }]);        if (event && event.defaultPrevented) {                return;        }        const gformWrapperDiv = document.getElementById( \"gform_wrapper_3\" );        if ( gformWrapperDiv ) {            const visibilitySpan = document.createElement( \"span\" );            visibilitySpan.id = \"gform_visibility_test_3\";            gformWrapperDiv.insertAdjacentElement( \"afterend\", visibilitySpan );        }        const visibilityTestDiv = document.getElementById( \"gform_visibility_test_3\" );        let postRenderFired = false;        function triggerPostRender() {            if ( postRenderFired ) {                return;            }            postRenderFired = true;            gform.core.triggerPostRenderEvents( 3, current_page );            if ( visibilityTestDiv ) {                visibilityTestDiv.parentNode.removeChild( visibilityTestDiv );            }        }        function debounce( func, wait, immediate ) {            var timeout;            return function() {                var context = this, args = arguments;                var later = function() {                    timeout = null;                    if ( !immediate ) func.apply( context, args );                };                var callNow = immediate && !timeout;                clearTimeout( timeout );                timeout = setTimeout( later, wait );                if ( callNow ) func.apply( context, args );            };        }        const debouncedTriggerPostRender = debounce( function() {            triggerPostRender();        }, 200 );        if ( visibilityTestDiv && visibilityTestDiv.offsetParent === null ) {            const observer = new MutationObserver( ( mutations ) => {                mutations.forEach( ( mutation ) => {                    if ( mutation.type === 'attributes' && visibilityTestDiv.offsetParent !== null ) {                        debouncedTriggerPostRender();                        observer.disconnect();                    }                });            });            observer.observe( document.body, {                attributes: true,                childList: false,                subtree: true,                attributeFilter: [ 'style', 'class' ],            });        } else {            triggerPostRender();        }    } );} ); \n\/* ]]> *\/\n<\/script>\n[\/vc_column][\/vc_row][vc_row full_width=&#8221;stretch_row_content_no_spaces&#8221;][vc_column]<div class=\"logo-carousel  inverted\">\n  <video class=\"background\" autoplay loop muted>\n    <source src=\"https:\/\/www.newwen.com\/nl\/wp-content\/themes\/newwen\/dist\/static\/videos\/logo-carousel-bg.webm\" type=\"video\/webm\">\n    <source src=\"https:\/\/www.newwen.com\/nl\/wp-content\/themes\/newwen\/dist\/static\/videos\/logo-carousel-bg.mp4\" type=\"video\/mp4\">\n  <\/video>\n  <div class=\"container\">\n    <div class=\"corner-stars\">\n      <div class=\"swiper\">\n        <div class=\"swiper-wrapper\">\n                      <div class=\"swiper-slide\">\n              <img decoding=\"async\" src=\"https:\/\/www.newwen.com\/nl\/wp-content\/uploads\/sites\/3\/2022\/06\/picnic.png\" alt=\"\">\n            <\/div>\n                      <div class=\"swiper-slide\">\n              <img decoding=\"async\" src=\"https:\/\/www.newwen.com\/nl\/wp-content\/uploads\/sites\/3\/2022\/06\/jumbo.png\" alt=\"\">\n            <\/div>\n                      <div class=\"swiper-slide\">\n              <img decoding=\"async\" src=\"https:\/\/www.newwen.com\/nl\/wp-content\/uploads\/sites\/3\/2022\/09\/hofer-1.png\" alt=\"\">\n            <\/div>\n                      <div class=\"swiper-slide\">\n              <img decoding=\"async\" src=\"https:\/\/www.newwen.com\/nl\/wp-content\/uploads\/sites\/3\/2022\/09\/schwarz-1.png\" alt=\"\">\n            <\/div>\n                  <\/div> \n      <\/div>\n      <div class=\"swiper-pagination\"><\/div> \n    <\/div>\n  <\/div>\n<\/div>\n[\/vc_column][\/vc_row]<\/p>\n<\/div>","protected":false},"excerpt":{"rendered":"<p>[vc_row full_width=&#8221;stretch_row_content_no_spaces&#8221;][vc_column][\/vc_column][\/vc_row][vc_row full_width=&#8221;stretch_row&#8221; row_border=&#8221;border-block-end-gray&#8221; el_id=&#8221;lees-meer&#8221;][vc_column width=&#8221;1\/3&#8243;][\/vc_column][vc_column width=&#8221;2\/3&#8243;][vc_column_text] Newwen is voorloper als het gaat om gestroomlijnde en sustainable logistiek. Van AGV-stellingsystemen tot geautomatiseerde orderpick trolleys, wij cre\u00ebren de oplossingen die klanten [&hellip;]<\/p>\n","protected":false},"author":1,"featured_media":0,"parent":0,"menu_order":0,"comment_status":"closed","ping_status":"closed","template":"","meta":{"_acf_changed":false,"footnotes":""},"class_list":["post-25","page","type-page","status-publish","hentry"],"acf":[],"_links":{"self":[{"href":"https:\/\/www.newwen.com\/nl\/wp-json\/wp\/v2\/pages\/25","targetHints":{"allow":["GET"]}}],"collection":[{"href":"https:\/\/www.newwen.com\/nl\/wp-json\/wp\/v2\/pages"}],"about":[{"href":"https:\/\/www.newwen.com\/nl\/wp-json\/wp\/v2\/types\/page"}],"author":[{"embeddable":true,"href":"https:\/\/www.newwen.com\/nl\/wp-json\/wp\/v2\/users\/1"}],"replies":[{"embeddable":true,"href":"https:\/\/www.newwen.com\/nl\/wp-json\/wp\/v2\/comments?post=25"}],"version-history":[{"count":6,"href":"https:\/\/www.newwen.com\/nl\/wp-json\/wp\/v2\/pages\/25\/revisions"}],"predecessor-version":[{"id":1808,"href":"https:\/\/www.newwen.com\/nl\/wp-json\/wp\/v2\/pages\/25\/revisions\/1808"}],"wp:attachment":[{"href":"https:\/\/www.newwen.com\/nl\/wp-json\/wp\/v2\/media?parent=25"}],"curies":[{"name":"wp","href":"https:\/\/api.w.org\/{rel}","templated":true}]}}