{"id":1786,"date":"2025-11-27T14:44:33","date_gmt":"2025-11-27T14:44:33","guid":{"rendered":"https:\/\/www.newwen.com\/nl\/?page_id=1786"},"modified":"2025-12-01T11:31:17","modified_gmt":"2025-12-01T11:31:17","slug":"online-supermarket-slimmer-bezorgen-lager-verbruik","status":"publish","type":"page","link":"https:\/\/www.newwen.com\/nl\/duurzaamheid\/duurzaamheid-in-praktijk\/online-supermarket-slimmer-bezorgen-lager-verbruik\/","title":{"rendered":"Online supermarket &#8211; Slimmer bezorgen, lager verbruik"},"content":{"rendered":"<div class=\"wpb-content-wrapper\"><p>[vc_row full_width=&#8221;stretch_row_content_no_spaces&#8221;][vc_column]\n<div class=\"hero hero-black inverted overlay-dark with-text has-fill\" style=\"--overlay-strength: 40%; \">\n      <video class=\"background-video\" autoplay loop muted playsinline>\n              <source src=\"https:\/\/www.newwen.com\/nl\/wp-content\/uploads\/sites\/3\/2022\/07\/3.-Sustainability-Banner-Final_2_1.webm\" type=\"video\/webm\">\n                    <source src=\"https:\/\/www.newwen.com\/nl\/wp-content\/uploads\/sites\/3\/2022\/07\/3.-Sustainability-Banner-Final_2.mp4\" type=\"video\/mp4\">\n          <\/video>\n    \n  <div class=\"container\">\n    <div class=\"row\">\n      <div class=\"col-12 col-xl-8\">\n        <div class=\"hero-content-wrapper \">\n          <div class=\"hero-content corner-stars\">\n                                      <h1><strong>Online supermarket<\/strong><\/h1>\n                \n                          <p class=\"lead\">Slimmer bezorgen, lager verbruik<\/p>\n                \n                          <div class=\"buttons\">\n                                  <a href=\"#discover\" class=\"btn btn-link text-warning\">Ontdek hoe<\/a>\n                              <\/div>\n                \n                      <\/div>\n        <\/div>\n      <\/div>\n    <\/div>\n  <\/div>\n<\/div>[\/vc_column][\/vc_row][vc_row][vc_column width=&#8221;1\/3&#8243;][vc_column_text css=&#8221;&#8221;]<\/p>\n<h2>Met Picnic bouwen aan de logistiek van morgen<\/h2>\n<p>[\/vc_column_text][\/vc_column][vc_column width=&#8221;1\/3&#8243;][vc_column_text css=&#8221;&#8221;]<\/p>\n<h2><strong>De uitdaging<\/strong><\/h2>\n<p>Toen Picnic op zoek ging naar een alternatief voor hun volaluminium oplossing, kwamen ze met een lijst vol uitdagende eisen: zwaardere belastbaarheid, langere levensduur, lagere onderhoudskosten, geen diagonale verstevigingen \u00e9n volledige geschiktheid voor geautomatiseerde robotprocessen.[\/vc_column_text][\/vc_column][vc_column width=&#8221;1\/3&#8243;][vc_column_text css=&#8221;&#8221;]<\/p>\n<h2><strong>Onze werkwijze<\/strong><\/h2>\n<p>Vanuit onze one stop shop-aanpak en jarenlange ervaring startten we met een grondige supply chain-analyse en gerichte research &amp; development.<br \/>\nDankzij onze integrale benadering brachten we de belangrijkste effici\u00ebntie- en duurzaamheidskansen in kaart en ontwikkelden we meerdere prototypes, uitvoerig getest met miljoenen sensormetingen voor optimale prestaties. Zo ontstond een oplossing die perfect aansluit bij de logistieke ambities van Picnic.<br \/>\n[\/vc_column_text][\/vc_column][\/vc_row][vc_row full_width=&#8221;stretch_row&#8221; comp_padding=&#8221;comp-padding-block-start-extra&#8221;][vc_column width=&#8221;1\/3&#8243;]\n    <picture class=\"responsive-picture  inline-alignment-end block-margin-none  \">\n                        \n                      <source srcset=\"https:\/\/www.newwen.com\/nl\/wp-content\/uploads\/sites\/3\/2022\/07\/126-deliverytruck-scaled.jpg 2560w, https:\/\/www.newwen.com\/nl\/wp-content\/uploads\/sites\/3\/2022\/07\/126-deliverytruck-300x200.jpg 300w, https:\/\/www.newwen.com\/nl\/wp-content\/uploads\/sites\/3\/2022\/07\/126-deliverytruck-1024x683.jpg 1024w, https:\/\/www.newwen.com\/nl\/wp-content\/uploads\/sites\/3\/2022\/07\/126-deliverytruck-1536x1024.jpg 1536w, https:\/\/www.newwen.com\/nl\/wp-content\/uploads\/sites\/3\/2022\/07\/126-deliverytruck-2048x1365.jpg 2048w, https:\/\/www.newwen.com\/nl\/wp-content\/uploads\/sites\/3\/2022\/07\/126-deliverytruck-250x167.jpg 250w, https:\/\/www.newwen.com\/nl\/wp-content\/uploads\/sites\/3\/2022\/07\/126-deliverytruck-554x369.jpg 554w, https:\/\/www.newwen.com\/nl\/wp-content\/uploads\/sites\/3\/2022\/07\/126-deliverytruck-736x490.jpg 736w, https:\/\/www.newwen.com\/nl\/wp-content\/uploads\/sites\/3\/2022\/07\/126-deliverytruck-1308x872.jpg 1308w, https:\/\/www.newwen.com\/nl\/wp-content\/uploads\/sites\/3\/2022\/07\/126-deliverytruck-1080x720.jpg 1080w\" media=\"(min-width: 576px)\">\n                        \n      <img srcset=\"https:\/\/www.newwen.com\/nl\/wp-content\/uploads\/sites\/3\/2022\/07\/126-deliverytruck-scaled.jpg 2560w, https:\/\/www.newwen.com\/nl\/wp-content\/uploads\/sites\/3\/2022\/07\/126-deliverytruck-300x200.jpg 300w, https:\/\/www.newwen.com\/nl\/wp-content\/uploads\/sites\/3\/2022\/07\/126-deliverytruck-1024x683.jpg 1024w, https:\/\/www.newwen.com\/nl\/wp-content\/uploads\/sites\/3\/2022\/07\/126-deliverytruck-1536x1024.jpg 1536w, https:\/\/www.newwen.com\/nl\/wp-content\/uploads\/sites\/3\/2022\/07\/126-deliverytruck-2048x1365.jpg 2048w, https:\/\/www.newwen.com\/nl\/wp-content\/uploads\/sites\/3\/2022\/07\/126-deliverytruck-250x167.jpg 250w, https:\/\/www.newwen.com\/nl\/wp-content\/uploads\/sites\/3\/2022\/07\/126-deliverytruck-554x369.jpg 554w, https:\/\/www.newwen.com\/nl\/wp-content\/uploads\/sites\/3\/2022\/07\/126-deliverytruck-736x490.jpg 736w, https:\/\/www.newwen.com\/nl\/wp-content\/uploads\/sites\/3\/2022\/07\/126-deliverytruck-1308x872.jpg 1308w, https:\/\/www.newwen.com\/nl\/wp-content\/uploads\/sites\/3\/2022\/07\/126-deliverytruck-1080x720.jpg 1080w\" alt=\"\"\n        loading=\"auto\" class=\"\">\n\n      \n          <\/picture>\n[\/vc_column][vc_column width=&#8221;1\/3&#8243;][vc_column_text css=&#8221;&#8221;]<\/p>\n<h2><strong>De duurzame oplossing<\/strong><\/h2>\n<p>Het resultaat is een innovatief racksysteem dat perfect past in hun distributiecentra \u00e9n bezorgwagens. De constructie biedt maximale sterkte met minimaal materiaalgebruik en is ontworpen voor een langere levensduur en lagere onderhoudskosten.[\/vc_column_text][\/vc_column][vc_column width=&#8221;1\/3&#8243;][vc_column_text css=&#8221;&#8221; add_sparks=&#8221;corner-stars&#8221;]<\/p>\n<h2><strong>De impact<\/strong><\/h2>\n<p>Met dit racksysteem realiseert Picnic directe winst op meerdere fronten:<\/p>\n<ul>\n<li>Langere levensduur en lagere onderhoudskosten<\/li>\n<li>Volledige compatibiliteit met geautomatiseerde robotprocessen<\/li>\n<li>Betere efficiency in de hele supply chain<\/li>\n<\/ul>\n<p>De flexibele partner waar Picnic naar zocht, \u00e9\u00e9n die gelooft in hun concept, kan meegroeien en oplossingen ontwikkelt die \u00e9cht werken, vonden ze in Newwen.<\/p>\n<p><a href=\"https:\/\/www.newwen.com\/stories\/accelerating-picnics-growth\/\">Lees het volledige verhaal \u00a0<\/a><\/p>\n<p>[\/vc_column_text][\/vc_column][\/vc_row][vc_row full_width=&#8221;stretch_row&#8221; background_color=&#8221;dark inverted&#8221;][vc_column width=&#8221;1\/3&#8243;][vc_column_text css=&#8221;&#8221;]<\/p>\n<h2><strong>Heeft u een vraag?<\/strong><br \/>\nStuur ons een bericht<\/h2>\n<p>[\/vc_column_text][\/vc_column][vc_column width=&#8221;2\/3&#8243;]<script type=\"text\/javascript\">\n\/* <![CDATA[ *\/\nvar gform;gform||(document.addEventListener(\"gform_main_scripts_loaded\",function(){gform.scriptsLoaded=!0}),document.addEventListener(\"gform\/theme\/scripts_loaded\",function(){gform.themeScriptsLoaded=!0}),window.addEventListener(\"DOMContentLoaded\",function(){gform.domLoaded=!0}),gform={domLoaded:!1,scriptsLoaded:!1,themeScriptsLoaded:!1,isFormEditor:()=>\"function\"==typeof InitializeEditor,callIfLoaded:function(o){return!(!gform.domLoaded||!gform.scriptsLoaded||!gform.themeScriptsLoaded&&!gform.isFormEditor()||(gform.isFormEditor()&&console.warn(\"The use of gform.initializeOnLoaded() is deprecated in the form editor context and will be removed in Gravity Forms 3.1.\"),o(),0))},initializeOnLoaded:function(o){gform.callIfLoaded(o)||(document.addEventListener(\"gform_main_scripts_loaded\",()=>{gform.scriptsLoaded=!0,gform.callIfLoaded(o)}),document.addEventListener(\"gform\/theme\/scripts_loaded\",()=>{gform.themeScriptsLoaded=!0,gform.callIfLoaded(o)}),window.addEventListener(\"DOMContentLoaded\",()=>{gform.domLoaded=!0,gform.callIfLoaded(o)}))},hooks:{action:{},filter:{}},addAction:function(o,r,e,t){gform.addHook(\"action\",o,r,e,t)},addFilter:function(o,r,e,t){gform.addHook(\"filter\",o,r,e,t)},doAction:function(o){gform.doHook(\"action\",o,arguments)},applyFilters:function(o){return gform.doHook(\"filter\",o,arguments)},removeAction:function(o,r){gform.removeHook(\"action\",o,r)},removeFilter:function(o,r,e){gform.removeHook(\"filter\",o,r,e)},addHook:function(o,r,e,t,n){null==gform.hooks[o][r]&&(gform.hooks[o][r]=[]);var d=gform.hooks[o][r];null==n&&(n=r+\"_\"+d.length),gform.hooks[o][r].push({tag:n,callable:e,priority:t=null==t?10:t})},doHook:function(r,o,e){var t;if(e=Array.prototype.slice.call(e,1),null!=gform.hooks[r][o]&&((o=gform.hooks[r][o]).sort(function(o,r){return o.priority-r.priority}),o.forEach(function(o){\"function\"!=typeof(t=o.callable)&&(t=window[t]),\"action\"==r?t.apply(null,e):e[0]=t.apply(null,e)})),\"filter\"==r)return e[0]},removeHook:function(o,r,t,n){var e;null!=gform.hooks[o][r]&&(e=(e=gform.hooks[o][r]).filter(function(o,r,e){return!!(null!=n&&n!=o.tag||null!=t&&t!=o.priority)}),gform.hooks[o][r]=e)}});\n\/* ]]> *\/\n<\/script>\n\n                <div class='gf_browser_gecko gform_wrapper gravity-theme gform-theme--no-framework' data-form-theme='gravity-theme' data-form-index='0' id='gform_wrapper_3' ><div id='gf_3' class='gform_anchor' tabindex='-1'><\/div>\n                        <div class='gform_heading'>\n\t\t\t\t\t\t\t<p class='gform_required_legend'><\/p>\n                        <\/div><form method='post' enctype='multipart\/form-data' target='gform_ajax_frame_3' id='gform_3'  action='\/nl\/wp-json\/wp\/v2\/pages\/1786#gf_3' data-formid='3' novalidate>\n<!-- Primo auto-honeypot activated -->\n                        <div class='gform-body gform_body'><div id='gform_fields_3' class='gform_fields top_label form_sublabel_below description_below validation_below'><div id=\"field_3_8\" class=\"gfield gfield--type-honeypot gform_validation_container field_sublabel_below gfield--has-description field_description_below field_validation_below gfield_visibility_visible\"  ><label class='gfield_label gform-field-label' for='input_3_8'>Instagram<\/label><div class='ginput_container'><input name='input_8' id='input_3_8' type='text' value='' autocomplete='new-password'\/><\/div><div class='gfield_description' id='gfield_description_3_8'>Dit veld is bedoeld voor validatiedoeleinden en moet niet worden gewijzigd.<\/div><\/div><div id=\"field_3_1\" class=\"gfield gfield--type-text gfield--width-half gfield_contains_required field_sublabel_below gfield--no-description field_description_below field_validation_below gfield_visibility_visible\"  ><label class='gfield_label gform-field-label' for='input_3_1'>Voornaam<span class=\"gfield_required\"><span class=\"gfield_required gfield_required_asterisk\">*<\/span><\/span><\/label><div class='ginput_container ginput_container_text'><input name='input_1' id='input_3_1' type='text' value='' class='large'     aria-required=\"true\" aria-invalid=\"false\"   \/><\/div><\/div><div id=\"field_3_3\" class=\"gfield gfield--type-text gfield--width-half gfield_contains_required field_sublabel_below gfield--no-description field_description_below field_validation_below gfield_visibility_visible\"  ><label class='gfield_label gform-field-label' for='input_3_3'>Achternaam<span class=\"gfield_required\"><span class=\"gfield_required gfield_required_asterisk\">*<\/span><\/span><\/label><div class='ginput_container ginput_container_text'><input name='input_3' id='input_3_3' type='text' value='' class='large'     aria-required=\"true\" aria-invalid=\"false\"   \/><\/div><\/div><div id=\"field_3_4\" class=\"gfield gfield--type-email gfield--width-half gfield_contains_required field_sublabel_below gfield--no-description field_description_below field_validation_below gfield_visibility_visible\"  ><label class='gfield_label gform-field-label' for='input_3_4'>E-mailadres<span class=\"gfield_required\"><span class=\"gfield_required gfield_required_asterisk\">*<\/span><\/span><\/label><div class='ginput_container ginput_container_email'>\n                            <input name='input_4' id='input_3_4' type='email' value='' class='large'    aria-required=\"true\" aria-invalid=\"false\"  \/>\n                        <\/div><\/div><div id=\"field_3_5\" class=\"gfield gfield--type-text gfield--width-half field_sublabel_below gfield--no-description field_description_below field_validation_below gfield_visibility_visible\"  ><label class='gfield_label gform-field-label' for='input_3_5'>Telefoonnummer (optioneel)<\/label><div class='ginput_container ginput_container_text'><input name='input_5' id='input_3_5' type='text' value='' class='large'      aria-invalid=\"false\"   \/><\/div><\/div><div id=\"field_3_6\" class=\"gfield gfield--type-textarea gfield--width-full field_sublabel_below gfield--no-description field_description_below field_validation_below gfield_visibility_visible\"  ><label class='gfield_label gform-field-label' for='input_3_6'>Bericht<\/label><div class='ginput_container ginput_container_textarea'><textarea name='input_6' id='input_3_6' class='textarea large'      aria-invalid=\"false\"   rows='10' cols='50'><\/textarea><\/div><\/div><fieldset id=\"field_3_7\" class=\"gfield gfield--type-consent gfield--type-choice gfield--input-type-consent gfield--width-full gfield_contains_required field_sublabel_below gfield--no-description field_description_below field_validation_below gfield_visibility_visible\"  ><legend class='gfield_label gform-field-label gfield_label_before_complex' >Toestemming<span class=\"gfield_required\"><span class=\"gfield_required gfield_required_asterisk\">*<\/span><\/span><\/legend><div class='ginput_container ginput_container_consent'><input name='input_7.1' id='input_3_7_1' type='checkbox' value='1'   aria-required=\"true\" aria-invalid=\"false\"   \/> <label class=\"gform-field-label gform-field-label--type-inline gfield_consent_label\" for='input_3_7_1' >Ik ga akkoord met de privacyverklaring<\/label><input type='hidden' name='input_7.2' value='Ik ga akkoord met de privacyverklaring' class='gform_hidden' \/><input type='hidden' name='input_7.3' value='3' class='gform_hidden' \/><\/div><\/fieldset><\/div><\/div>\n        <div class='gform-footer gform_footer top_label'> <button type='submit' id='gform_submit_button_3' class='gform_button button btn btn-link text-warning' onclick='gform.submission.handleButtonClick(this);' data-submission-type='submit' value='Versturen'  >Versturen<\/button> <input type='hidden' name='gform_ajax' value='form_id=3&amp;title=&amp;description=&amp;tabindex=0&amp;theme=gravity-theme&amp;styles=[]&amp;hash=38d946be1b29cd4a9a12486169d42a35' \/>\n            <input type='hidden' class='gform_hidden' name='gform_submission_method' data-js='gform_submission_method_3' value='iframe' \/>\n            <input type='hidden' class='gform_hidden' name='gform_theme' data-js='gform_theme_3' id='gform_theme_3' value='gravity-theme' \/>\n            <input type='hidden' class='gform_hidden' name='gform_style_settings' data-js='gform_style_settings_3' id='gform_style_settings_3' value='[]' \/>\n            <input type='hidden' class='gform_hidden' name='is_submit_3' value='1' \/>\n            <input type='hidden' class='gform_hidden' name='gform_submit' value='3' \/>\n            \n            <input type='hidden' class='gform_hidden' name='gform_currency' data-currency='EUR' value='PzzsLwZP\/7wqYjPP681i1+dT\/4nxAd2Xfpro7sI4e\/oFh6BNFA4yIUZzl9ycGSBM4jW1fvIEwGBIUOmp87N7Y3QT9qTiOuAvwaAdD+Jvrat2E14=' \/>\n            <input type='hidden' class='gform_hidden' name='gform_unique_id' value='' \/>\n            <input type='hidden' class='gform_hidden' name='state_3' value='WyJ7XCI3LjFcIjpcIjBmNTM2NjY0ODBlZDUzYjhlYTQyZDZkODljMTRiMzBhXCIsXCI3LjJcIjpcIjhhZDcxODAzYTY0MTc3ZDhmMTRmZWE2ZGIxMDBhODBlXCIsXCI3LjNcIjpcIjI2Y2M2MjQwNzAxY2IzOTc1N2ZhNTkzOWRhZWM4Yzg5XCJ9IiwiOTIyZmRhNGIzYjY4OTg2ZDg2YmFlOWFlNGNhMTFmMWQiXQ==' \/>\n            <input type='hidden' autocomplete='off' class='gform_hidden' name='gform_target_page_number_3' id='gform_target_page_number_3' value='0' \/>\n            <input type='hidden' autocomplete='off' class='gform_hidden' name='gform_source_page_number_3' id='gform_source_page_number_3' value='1' \/>\n            <input type='hidden' name='gform_field_values' value='' \/>\n            \n        <\/div>\n                        <\/form>\n                        <\/div>\n\t\t                <iframe style='display:none;width:0px;height:0px;' src='about:blank' name='gform_ajax_frame_3' id='gform_ajax_frame_3' title='Dit iframe bevat de vereiste logica om Ajax aangedreven Gravity Forms te verwerken.'><\/iframe>\n\t\t                <script type=\"text\/javascript\">\n\/* <![CDATA[ *\/\n gform.initializeOnLoaded( function() {gformInitSpinner( 3, 'https:\/\/www.newwen.com\/nl\/wp-content\/plugins\/gravityforms\/images\/spinner.svg', true );jQuery('#gform_ajax_frame_3').on('load',function(){var contents = jQuery(this).contents().find('*').html();var is_postback = contents.indexOf('GF_AJAX_POSTBACK') >= 0;if(!is_postback){return;}var form_content = jQuery(this).contents().find('#gform_wrapper_3');var is_confirmation = jQuery(this).contents().find('#gform_confirmation_wrapper_3').length > 0;var is_redirect = contents.indexOf('gformRedirect(){') >= 0;var is_form = form_content.length > 0 && ! is_redirect && ! is_confirmation;var mt = parseInt(jQuery('html').css('margin-top'), 10) + parseInt(jQuery('body').css('margin-top'), 10) + 100;if(is_form){jQuery('#gform_wrapper_3').html(form_content.html());if(form_content.hasClass('gform_validation_error')){jQuery('#gform_wrapper_3').addClass('gform_validation_error');} else {jQuery('#gform_wrapper_3').removeClass('gform_validation_error');}setTimeout( function() { \/* delay the scroll by 50 milliseconds to fix a bug in chrome *\/ jQuery(document).scrollTop(jQuery('#gform_wrapper_3').offset().top - mt); }, 50 );if(window['gformInitDatepicker']) {gformInitDatepicker();}if(window['gformInitPriceFields']) {gformInitPriceFields();}var current_page = jQuery('#gform_source_page_number_3').val();gformInitSpinner( 3, 'https:\/\/www.newwen.com\/nl\/wp-content\/plugins\/gravityforms\/images\/spinner.svg', true );jQuery(document).trigger('gform_page_loaded', [3, current_page]);window['gf_submitting_3'] = false;}else if(!is_redirect){var confirmation_content = jQuery(this).contents().find('.GF_AJAX_POSTBACK').html();if(!confirmation_content){confirmation_content = contents;}jQuery('#gform_wrapper_3').replaceWith(confirmation_content);jQuery(document).scrollTop(jQuery('#gf_3').offset().top - mt);jQuery(document).trigger('gform_confirmation_loaded', [3]);window['gf_submitting_3'] = false;wp.a11y.speak(jQuery('#gform_confirmation_message_3').text());}else{jQuery('#gform_3').append(contents);if(window['gformRedirect']) {gformRedirect();}}jQuery(document).trigger(\"gform_pre_post_render\", [{ formId: \"3\", currentPage: \"current_page\", abort: function() { this.preventDefault(); } }]);        if (event && event.defaultPrevented) {                return;        }        const gformWrapperDiv = document.getElementById( \"gform_wrapper_3\" );        if ( gformWrapperDiv ) {            const visibilitySpan = document.createElement( \"span\" );            visibilitySpan.id = \"gform_visibility_test_3\";            gformWrapperDiv.insertAdjacentElement( \"afterend\", visibilitySpan );        }        const visibilityTestDiv = document.getElementById( \"gform_visibility_test_3\" );        let postRenderFired = false;        function triggerPostRender() {            if ( postRenderFired ) {                return;            }            postRenderFired = true;            gform.core.triggerPostRenderEvents( 3, current_page );            if ( visibilityTestDiv ) {                visibilityTestDiv.parentNode.removeChild( visibilityTestDiv );            }        }        function debounce( func, wait, immediate ) {            var timeout;            return function() {                var context = this, args = arguments;                var later = function() {                    timeout = null;                    if ( !immediate ) func.apply( context, args );                };                var callNow = immediate && !timeout;                clearTimeout( timeout );                timeout = setTimeout( later, wait );                if ( callNow ) func.apply( context, args );            };        }        const debouncedTriggerPostRender = debounce( function() {            triggerPostRender();        }, 200 );        if ( visibilityTestDiv && visibilityTestDiv.offsetParent === null ) {            const observer = new MutationObserver( ( mutations ) => {                mutations.forEach( ( mutation ) => {                    if ( mutation.type === 'attributes' && visibilityTestDiv.offsetParent !== null ) {                        debouncedTriggerPostRender();                        observer.disconnect();                    }                });            });            observer.observe( document.body, {                attributes: true,                childList: false,                subtree: true,                attributeFilter: [ 'style', 'class' ],            });        } else {            triggerPostRender();        }    } );} ); \n\/* ]]> *\/\n<\/script>\n[\/vc_column][\/vc_row]<\/p>\n<\/div>","protected":false},"excerpt":{"rendered":"<p>[vc_row full_width=&#8221;stretch_row_content_no_spaces&#8221;][vc_column][\/vc_column][\/vc_row][vc_row][vc_column width=&#8221;1\/3&#8243;][vc_column_text css=&#8221;&#8221;] Met Picnic bouwen aan de logistiek van morgen [\/vc_column_text][\/vc_column][vc_column width=&#8221;1\/3&#8243;][vc_column_text css=&#8221;&#8221;] De uitdaging Toen Picnic op zoek ging naar een alternatief voor hun volaluminium oplossing, kwamen [&hellip;]<\/p>\n","protected":false},"author":1,"featured_media":0,"parent":1830,"menu_order":0,"comment_status":"closed","ping_status":"closed","template":"","meta":{"_acf_changed":false,"footnotes":""},"class_list":["post-1786","page","type-page","status-publish","hentry"],"acf":[],"_links":{"self":[{"href":"https:\/\/www.newwen.com\/nl\/wp-json\/wp\/v2\/pages\/1786","targetHints":{"allow":["GET"]}}],"collection":[{"href":"https:\/\/www.newwen.com\/nl\/wp-json\/wp\/v2\/pages"}],"about":[{"href":"https:\/\/www.newwen.com\/nl\/wp-json\/wp\/v2\/types\/page"}],"author":[{"embeddable":true,"href":"https:\/\/www.newwen.com\/nl\/wp-json\/wp\/v2\/users\/1"}],"replies":[{"embeddable":true,"href":"https:\/\/www.newwen.com\/nl\/wp-json\/wp\/v2\/comments?post=1786"}],"version-history":[{"count":1,"href":"https:\/\/www.newwen.com\/nl\/wp-json\/wp\/v2\/pages\/1786\/revisions"}],"predecessor-version":[{"id":1787,"href":"https:\/\/www.newwen.com\/nl\/wp-json\/wp\/v2\/pages\/1786\/revisions\/1787"}],"up":[{"embeddable":true,"href":"https:\/\/www.newwen.com\/nl\/wp-json\/wp\/v2\/pages\/1830"}],"wp:attachment":[{"href":"https:\/\/www.newwen.com\/nl\/wp-json\/wp\/v2\/media?parent=1786"}],"curies":[{"name":"wp","href":"https:\/\/api.w.org\/{rel}","templated":true}]}}